{"id":338,"date":"2017-01-21T15:13:45","date_gmt":"2017-01-21T15:13:45","guid":{"rendered":"http:\/\/www.globopublicidad.com.co\/web\/?page_id=338"},"modified":"2019-03-01T21:51:42","modified_gmt":"2019-03-01T21:51:42","slug":"banderas-publicitarias","status":"publish","type":"page","link":"https:\/\/www.globopublicidad.com.co\/bombas-latex\/banderas-publicitarias\/","title":{"rendered":"Banderas publicitarias"},"content":{"rendered":"<p>[vc_row][vc_column][vc_column_text el_class=\u00bbcontainer-fluid\u00bb]<\/p>\n<div class=\"fondo1\">\n<p style=\"text-align: justify;\"><span style=\"font-family: 'antipasto' !important; font-weight: 400; font-size: 28pt; color: #ffffff; margin-left: 5%;\">Banderas publicitarias<\/span><\/p>\n<\/div>\n<p>[\/vc_column_text][\/vc_column][\/vc_row][vc_row css=\u00bb.vc_custom_1544641340604{padding-top: 2% !important;padding-bottom: 5% !important;}\u00bb][vc_column][vc_row_inner][vc_column_inner][vc_column_text el_class=\u00bbcontainer\u00bb]<\/p>\n<p style=\"text-align: justify;\"><span style=\"font-family: 'Source Sans Pro', Sans-serif; font-weight: 200; font-size: 14pt;\">Vistosas, imponentes, visibles y de f\u00e1cil transporte e instalaci\u00f3n. Dan prestigio y aportan con su est\u00e9tica, imponiendo la imagen de su empresa. Elaboradas con elementos que permiten su exhibici\u00f3n al aire libre. Con soporte Reutilizable cuantas veces lo necesite con s\u00f3lo el cambio de impresi\u00f3n.<\/span><\/p>\n<p>[\/vc_column_text][vc_masonry_media_grid element_width=\u00bb3&#8243; gap=\u00bb10&#8243; grid_id=\u00bbvc_gid:1551477174136-284dd28b-2b03-2&#8243; include=\u00bb1180,1179,1181,2046,2064,2062,2063,2058,1182,1183,1184,1185,1187,1186,2066,2065,2061,2060,2059,2057,2056,2055,2054,2053,2044,2049,2047,2043&#8243; css=\u00bb.vc_custom_1550076868686{padding-top: 5% !important;}\u00bb][\/vc_column_inner][\/vc_row_inner][\/vc_column][\/vc_row]<\/p>\n","protected":false},"excerpt":{"rendered":"<p>[vc_row][vc_column][vc_column_text el_class=\u00bbcontainer-fluid\u00bb] Banderas publicitarias [\/vc_column_text][\/vc_column][\/vc_row][vc_row css=\u00bb.vc_custom_1544641340604{padding-top: 2% !important;padding-bottom: 5% !important;}\u00bb][vc_column][vc_row_inner][vc_column_inner][vc_column_text el_class=\u00bbcontainer\u00bb] Vistosas, imponentes, visibles y de f\u00e1cil transporte e instalaci\u00f3n. Dan prestigio y aportan con su est\u00e9tica, imponiendo la imagen de su empresa. Elaboradas con elementos que permiten su exhibici\u00f3n al aire libre. Con soporte Reutilizable cuantas veces lo necesite con s\u00f3lo el cambio de [&hellip;]<\/p>\n","protected":false},"author":1,"featured_media":0,"parent":0,"menu_order":0,"comment_status":"closed","ping_status":"closed","template":"","meta":[],"_links":{"self":[{"href":"https:\/\/www.globopublicidad.com.co\/bombas-latex\/wp-json\/wp\/v2\/pages\/338"}],"collection":[{"href":"https:\/\/www.globopublicidad.com.co\/bombas-latex\/wp-json\/wp\/v2\/pages"}],"about":[{"href":"https:\/\/www.globopublicidad.com.co\/bombas-latex\/wp-json\/wp\/v2\/types\/page"}],"author":[{"embeddable":true,"href":"https:\/\/www.globopublicidad.com.co\/bombas-latex\/wp-json\/wp\/v2\/users\/1"}],"replies":[{"embeddable":true,"href":"https:\/\/www.globopublicidad.com.co\/bombas-latex\/wp-json\/wp\/v2\/comments?post=338"}],"version-history":[{"count":16,"href":"https:\/\/www.globopublicidad.com.co\/bombas-latex\/wp-json\/wp\/v2\/pages\/338\/revisions"}],"predecessor-version":[{"id":2359,"href":"https:\/\/www.globopublicidad.com.co\/bombas-latex\/wp-json\/wp\/v2\/pages\/338\/revisions\/2359"}],"wp:attachment":[{"href":"https:\/\/www.globopublicidad.com.co\/bombas-latex\/wp-json\/wp\/v2\/media?parent=338"}],"curies":[{"name":"wp","href":"https:\/\/api.w.org\/{rel}","templated":true}]}}