{"id":1637,"date":"2019-01-29T22:04:11","date_gmt":"2019-01-29T22:04:11","guid":{"rendered":"http:\/\/www.globopublicidad.com.co\/web\/?page_id=1637"},"modified":"2019-03-04T16:37:51","modified_gmt":"2019-03-04T16:37:51","slug":"portabombas","status":"publish","type":"page","link":"https:\/\/www.globopublicidad.com.co\/bombas-latex\/portabombas\/","title":{"rendered":"Portabombas"},"content":{"rendered":"<p>[vc_row full_width=\u00bbstretch_row_content_no_spaces\u00bb][vc_column][vc_column_text el_class=\u00bbcontainer-fluid\u00bb]<\/p>\n<div class=\"fondo1\">\n<p style=\"text-align: center;\"><span style=\"font-family: 'antipasto' !important; font-weight: 400; font-size: 30pt; color: #ffffff;\">Portabombas (Palitos Pl\u00e1sticos, varas y copas)<br \/>\n<\/span><\/p>\n<\/div>\n<p>[\/vc_column_text][\/vc_column][\/vc_row][vc_row css=\u00bb.vc_custom_1544635605540{padding-top: 2% !important;padding-bottom: 3% !important;}\u00bb][vc_column][vc_column_text]<\/p>\n<p style=\"text-align: center;\"><span style=\"font-family: 'Source Sans Pro', Sans-serif; font-weight: 200; font-size: 14pt;\">Ideal para decorar, sostener y complementar la decoraci\u00f3n o reparto de sus bombas, encu\u00e9ntrelos en diversos colores seg\u00fan sus necesidades.<\/span><\/p>\n<p>[\/vc_column_text][\/vc_column][\/vc_row][vc_row css=\u00bb.vc_custom_1548945738866{padding-top: 1% !important;padding-bottom: 5% !important;}\u00bb][vc_column][vc_row_inner][vc_column_inner][vc_masonry_media_grid element_width=\u00bb3&#8243; grid_id=\u00bbvc_gid:1551717291143-ac5b1fb2-0691-9&#8243; include=\u00bb1638,1639,1640,1641,1642,1643&#8243;][\/vc_column_inner][\/vc_row_inner][\/vc_column][\/vc_row]<\/p>\n","protected":false},"excerpt":{"rendered":"<p>[vc_row full_width=\u00bbstretch_row_content_no_spaces\u00bb][vc_column][vc_column_text el_class=\u00bbcontainer-fluid\u00bb] Portabombas (Palitos Pl\u00e1sticos, varas y copas) [\/vc_column_text][\/vc_column][\/vc_row][vc_row css=\u00bb.vc_custom_1544635605540{padding-top: 2% !important;padding-bottom: 3% !important;}\u00bb][vc_column][vc_column_text] Ideal para decorar, sostener y complementar la decoraci\u00f3n o reparto de sus bombas, encu\u00e9ntrelos en diversos colores seg\u00fan sus necesidades. [\/vc_column_text][\/vc_column][\/vc_row][vc_row css=\u00bb.vc_custom_1548945738866{padding-top: 1% !important;padding-bottom: 5% !important;}\u00bb][vc_column][vc_row_inner][vc_column_inner][vc_masonry_media_grid element_width=\u00bb3&#8243; grid_id=\u00bbvc_gid:1551717291143-ac5b1fb2-0691-9&#8243; include=\u00bb1638,1639,1640,1641,1642,1643&#8243;][\/vc_column_inner][\/vc_row_inner][\/vc_column][\/vc_row]<\/p>\n","protected":false},"author":1,"featured_media":0,"parent":0,"menu_order":0,"comment_status":"closed","ping_status":"closed","template":"","meta":[],"_links":{"self":[{"href":"https:\/\/www.globopublicidad.com.co\/bombas-latex\/wp-json\/wp\/v2\/pages\/1637"}],"collection":[{"href":"https:\/\/www.globopublicidad.com.co\/bombas-latex\/wp-json\/wp\/v2\/pages"}],"about":[{"href":"https:\/\/www.globopublicidad.com.co\/bombas-latex\/wp-json\/wp\/v2\/types\/page"}],"author":[{"embeddable":true,"href":"https:\/\/www.globopublicidad.com.co\/bombas-latex\/wp-json\/wp\/v2\/users\/1"}],"replies":[{"embeddable":true,"href":"https:\/\/www.globopublicidad.com.co\/bombas-latex\/wp-json\/wp\/v2\/comments?post=1637"}],"version-history":[{"count":8,"href":"https:\/\/www.globopublicidad.com.co\/bombas-latex\/wp-json\/wp\/v2\/pages\/1637\/revisions"}],"predecessor-version":[{"id":2393,"href":"https:\/\/www.globopublicidad.com.co\/bombas-latex\/wp-json\/wp\/v2\/pages\/1637\/revisions\/2393"}],"wp:attachment":[{"href":"https:\/\/www.globopublicidad.com.co\/bombas-latex\/wp-json\/wp\/v2\/media?parent=1637"}],"curies":[{"name":"wp","href":"https:\/\/api.w.org\/{rel}","templated":true}]}}